{"id":21,"date":"2024-02-28T13:42:28","date_gmt":"2024-02-28T12:42:28","guid":{"rendered":"http:\/\/www.jetrailpourvous.fr\/?page_id=21"},"modified":"2026-01-22T11:45:27","modified_gmt":"2026-01-22T10:45:27","slug":"actu","status":"publish","type":"page","link":"https:\/\/www.jetrailpourvous.fr\/","title":{"rendered":"Actualit\u00e9s courses"},"content":{"rendered":"\n<hr class=\"wp-block-separator has-alpha-channel-opacity\"\/>\n\n\n\n<div class=\"wp-block-media-text is-stacked-on-mobile\"><figure class=\"wp-block-media-text__media\"><img loading=\"lazy\" decoding=\"async\" width=\"834\" height=\"1024\" src=\"http:\/\/www.jetrailpourvous.fr\/wp-content\/uploads\/2026\/01\/imagepub3-834x1024.jpg\" alt=\"\" class=\"wp-image-382 size-full\" srcset=\"https:\/\/www.jetrailpourvous.fr\/wp-content\/uploads\/2026\/01\/imagepub3-834x1024.jpg 834w, https:\/\/www.jetrailpourvous.fr\/wp-content\/uploads\/2026\/01\/imagepub3-244x300.jpg 244w, https:\/\/www.jetrailpourvous.fr\/wp-content\/uploads\/2026\/01\/imagepub3-768x943.jpg 768w, https:\/\/www.jetrailpourvous.fr\/wp-content\/uploads\/2026\/01\/imagepub3-600x737.jpg 600w, https:\/\/www.jetrailpourvous.fr\/wp-content\/uploads\/2026\/01\/imagepub3.jpg 912w\" sizes=\"auto, (max-width: 834px) 100vw, 834px\" \/><\/figure><div class=\"wp-block-media-text__content\">\n<p>contact@jetrailpourvous.fr<\/p>\n\n\n\n<p><a href=\"https:\/\/chat.whatsapp.com\/Bnnbkqf1V817MbDDh8TWE9\">https:\/\/chat.whatsapp.com\/Bnnbkqf1V817MbDDh8TWE9<\/a><\/p>\n<\/div><\/div>\n\n\n\n<hr class=\"wp-block-separator has-alpha-channel-opacity\"\/>\n\n\n\n<div class=\"wp-block-media-text is-stacked-on-mobile\" style=\"grid-template-columns:29% auto\"><figure class=\"wp-block-media-text__media\"><img loading=\"lazy\" decoding=\"async\" width=\"960\" height=\"960\" src=\"https:\/\/www.jetrailpourvous.fr\/wp-content\/uploads\/2026\/01\/image.png\" alt=\"\" class=\"wp-image-364 size-full\" srcset=\"https:\/\/www.jetrailpourvous.fr\/wp-content\/uploads\/2026\/01\/image.png 960w, https:\/\/www.jetrailpourvous.fr\/wp-content\/uploads\/2026\/01\/image-300x300.png 300w, https:\/\/www.jetrailpourvous.fr\/wp-content\/uploads\/2026\/01\/image-150x150.png 150w, https:\/\/www.jetrailpourvous.fr\/wp-content\/uploads\/2026\/01\/image-768x768.png 768w, https:\/\/www.jetrailpourvous.fr\/wp-content\/uploads\/2026\/01\/image-75x75.png 75w, https:\/\/www.jetrailpourvous.fr\/wp-content\/uploads\/2026\/01\/image-600x600.png 600w, https:\/\/www.jetrailpourvous.fr\/wp-content\/uploads\/2026\/01\/image-100x100.png 100w\" sizes=\"auto, (max-width: 960px) 100vw, 960px\" \/><\/figure><div class=\"wp-block-media-text__content\">\n<p>25\/05\/2026<\/p>\n\n\n\n<p>Les Champs-G\u00e9raux (22)<\/p>\n\n\n\n<p>Inscriptions du 20 d\u00e9cembre 2025 au 24 mai 2026<\/p>\n\n\n\n<h2 class=\"wp-block-heading\">\ud83c\udf08 Color Run Les Champs-G\u00e9raux \u2013 2\u00e8me \u00c9dition<\/h2>\n\n\n\n<p><strong>Lundi 25 Mai 2026 (Lundi de Pentec\u00f4te)<\/strong><\/p>\n\n\n\n<p>Apr\u00e8s le succ\u00e8s fulgurant de la premi\u00e8re \u00e9dition avec plus de 450 participants, l&rsquo;APE du RPI Plesder et Les Champs-G\u00e9raux revient encore plus fort ! Venez vivre une exp\u00e9rience unique o\u00f9 le sport rencontre la f\u00eate dans une explosion de couleurs et de mousse. \ud83c\udf88\ud83e\uddfc<\/p>\n\n\n\n<h3 class=\"wp-block-heading\">\ud83c\udfc3\u200d\u2642\ufe0f AU PROGRAMME : 5 \u00c9PREUVES POUR TOUS !<\/h3>\n\n\n\n<p>Que vous soyez comp\u00e9titeur dans l&rsquo;\u00e2me ou l\u00e0 pour la balade en famille, il y a forc\u00e9ment une distance pour vous :<\/p>\n\n\n\n<p><strong>\ud83d\udca5 NOUVEAUT\u00c9 : Le 10 KM Challenge<\/strong> : Pour ceux qui veulent du d\u00e9fi (et beaucoup de couleurs !).<\/p>\n<\/div><\/div>\n\n\n\n<hr class=\"wp-block-separator has-alpha-channel-opacity\"\/>\n\n\n\n<div class=\"wp-block-media-text is-stacked-on-mobile\" style=\"grid-template-columns:27% auto\"><figure class=\"wp-block-media-text__media\"><img decoding=\"async\" src=\"https:\/\/nextrun.fr\/_next\/image?url=https%3A%2F%2Fprod-nextrun-public.cellar-c2.services.clever-cloud.com%2Fedition%2Fa5e84c37-02ff-4961-bd30-91f5ca791502%2Flogo-1768575738268&amp;w=3840&amp;q=75\" alt=\"Event logo\"\/><\/figure><div class=\"wp-block-media-text__content\">\n<p>19\/04\/2026<\/p>\n\n\n\n<p>Saint-M\u00e9loir-des-Ondes (35)<\/p>\n\n\n\n<p>Inscriptions du 19 janvier 2026 au 17 avril 2026<\/p>\n\n\n\n<p>D\u00e9couvrez la premi\u00e8re \u00e9dition de la course nature de <strong>Saint-M\u00e9loir-des-Ondes<\/strong> !<\/p>\n\n\n\n<p><strong>Saint M\u00e9loir Tout Court<\/strong> vous invite \u00e0 participer \u00e0 une toute nouvelle aventure sportive dans le pays de Saint-M\u00e9loir-des-Ondes, <strong>le dimanche 19 avril 2026<\/strong>. Pour cette premi\u00e8re \u00e9dition, les coureurs auront le plaisir de d\u00e9couvrir un <strong>parcours nature de 11 km,<\/strong> pens\u00e9 pour allier plaisir, diversit\u00e9 et authenticit\u00e9.<\/p>\n\n\n\n<p>Le trac\u00e9 emprunte <strong>diff\u00e9rents types de chemins<\/strong> \u2013 sentiers, chemins ruraux et passages naturels \u2013 offrant un parcours vari\u00e9 et accessible, id\u00e9al aussi bien pour les amateurs de course nature que pour les coureurs en qu\u00eate de nouveaux d\u00e9fis.<\/p>\n\n\n\n<p>Moment fort de la course, <strong>le d\u00e9part sera donn\u00e9 \u00e0 9h30<\/strong>, et l\u2019arriv\u00e9e se fera sur le <strong>stade de la Vall\u00e9e Verte,<\/strong> dans une ambiance conviviale et festive, parfaite pour partager l\u2019effort et c\u00e9l\u00e9brer cette premi\u00e8re \u00e9dition.<\/p>\n<\/div><\/div>\n\n\n\n<div class=\"wp-block-media-text is-stacked-on-mobile\" style=\"grid-template-columns:27% auto\"><figure class=\"wp-block-media-text__media\"><img decoding=\"async\" src=\"https:\/\/nextrun.fr\/_next\/image?url=https%3A%2F%2Fprod-nextrun-public.cellar-c2.services.clever-cloud.com%2Fedition%2F7f5c88ef-8f39-45ff-a7c1-a77ac0a63400%2Flogo-1765396116440&amp;w=3840&amp;q=75\" alt=\"Event logo\"\/><\/figure><div class=\"wp-block-media-text__content\">\n<p>Miniac-Morvan (35)<\/p>\n\n\n\n<p>Inscriptions du 22 d\u00e9cembre 2025 au 7 mars 2026<\/p>\n\n\n\n<p><strong>15\u00e8me \u00e9dition des d\u00e9foul\u00e9s de Miniac-Morvan, faisant partie du Challenge Cr\u00e9dit Agricole Pays de Dinan et de la C\u00f4te d&rsquo;Emeraude 2026.<\/strong><\/p>\n\n\n\n<p><strong>&nbsp;<\/strong><strong>10km mesur\u00e9 World Athletics<\/strong>:&nbsp;2 boucles de 5km. D\u00e9part \u00e0 10h00. Pour toutes cat\u00e9gories \u00e0 partir de 2010&nbsp;(de Cadets \u00e0 Masters).<\/p>\n\n\n\n<p>Inscription:&nbsp;&nbsp;&nbsp;<\/p>\n\n\n\n<p>* Tarif : 12\u20ac&nbsp;commission NextRun comprise<\/p>\n\n\n\n<p>* Inscription sur place : 14\u20ac&nbsp;(Vente dossard sur place suivant disponibilit\u00e9 le jour de la course. Aucune vente sur place, si course compl\u00e8te.)<\/p>\n<\/div><\/div>\n\n\n\n<div class=\"wp-block-media-text is-stacked-on-mobile\" style=\"grid-template-columns:24% auto\"><figure class=\"wp-block-media-text__media\"><img decoding=\"async\" src=\"https:\/\/nextrun.fr\/_next\/image?url=https%3A%2F%2Fprod-nextrun-public.cellar-c2.services.clever-cloud.com%2Fedition%2Fc9840ad8-493f-4fbe-aa5e-3d73fc6a27be%2Flogo-1766869199103&amp;w=3840&amp;q=75\" alt=\"Event logo\"\/><\/figure><div class=\"wp-block-media-text__content\">\n<p>12\/04\/2026<\/p>\n\n\n\n<p>La Richardais (35)<\/p>\n\n\n\n<p>Inscriptions du 5 janvier 2026 au 10 avril 2026<\/p>\n\n\n\n<h1 class=\"wp-block-heading\"><strong>Les Foul\u00e9es de la Rance<\/strong><\/h1>\n\n\n\n<p>Les <strong>Foul\u00e9es de la Rance<\/strong> vous donnent rendez-vous pour une \u00e9dition pens\u00e9e pour celles et ceux qui aiment courir au c\u0153ur de paysages naturels d\u2019exception. Nich\u00e9 entre <strong>La Richardais<\/strong> et <strong>Pleurtuit<\/strong>, le parcours emprunte les chemins les plus authentiques de la C\u00f4te d\u2019\u00c9meraude et offre une immersion compl\u00e8te dans l\u2019atmosph\u00e8re si particuli\u00e8re des bords de Rance.<\/p>\n\n\n\n<p>Cette nouvelle \u00e9dition propose <strong>quatre courses<\/strong>, adapt\u00e9es \u00e0 tous les publics et tous les niveaux :<\/p>\n\n\n\n<h2 class=\"wp-block-heading\"><strong>Courses Adultes<\/strong><\/h2>\n\n\n\n<p><strong>Le Montmarin (14,5 km)<\/strong> : un trac\u00e9 exigeant et technique, alternant sentiers forestiers, chemins escarp\u00e9s, zones naturelles et portions sur route. Un parcours id\u00e9al pour les coureurs en qu\u00eate d\u2019un vrai d\u00e9fi sportif.<\/p>\n<\/div><\/div>\n\n\n\n<div class=\"wp-block-media-text is-stacked-on-mobile\" style=\"grid-template-columns:40% auto\"><figure class=\"wp-block-media-text__media\"><img decoding=\"async\" src=\"https:\/\/nextrun.fr\/_next\/image?url=https%3A%2F%2Fprod-nextrun-public.cellar-c2.services.clever-cloud.com%2Fedition%2F21d6043f-41f3-44e8-a1c7-6fcfe45f9605%2Flogo-1768422667749&amp;w=3840&amp;q=75\" alt=\"Event logo\"\/><\/figure><div class=\"wp-block-media-text__content\">\n<p>12\/04\/2026<\/p>\n\n\n\n<p>Saint-Jouan-des-Gu\u00e9rets (35)<\/p>\n\n\n\n<p>Inscriptions du 16 janvier 2026 au 11 avril 2026<\/p>\n\n\n\n<p><strong>LE VALLION<\/strong><\/p>\n\n\n\n<p><strong>3\u00e8me Edition<\/strong><\/p>\n\n\n\n<p><strong>&nbsp;Course nature&nbsp;<\/strong><\/p>\n\n\n\n<p><strong>organis\u00e9e par l&rsquo;association des D\u00e9foul\u00e9s de Saint Jouan<\/strong><\/p>\n\n\n\n<p><em><strong>REGLE DES 3 X 12 des D\u00e9foul\u00e9s de St Jouan<\/strong><\/em><\/p>\n\n\n\n<p><em><strong>LE 12 AVRIL, 12 KMS POUR 12 \u20acUROS !<\/strong><\/em><\/p>\n\n\n\n<p><em><strong>Vous courrez pour soutenir l&rsquo;association \u00ab\u00a0Demain j&rsquo;ai 20 ans\u00a0\u00bb<\/strong><\/em><\/p>\n<\/div><\/div>\n\n\n\n<div class=\"wp-block-media-text is-stacked-on-mobile\" style=\"grid-template-columns:42% auto\"><figure class=\"wp-block-media-text__media\"><img decoding=\"async\" src=\"https:\/\/nextrun.fr\/_next\/image?url=https%3A%2F%2Fprod-nextrun-public.cellar-c2.services.clever-cloud.com%2Fedition%2F8ace5daf-4e0a-490b-bca9-caa1a65c3ac3%2Flogo-1767730956455&amp;w=3840&amp;q=75\" alt=\"Event logo\"\/><\/figure><div class=\"wp-block-media-text__content\">\n<p>18\/04\/2026<\/p>\n\n\n\n<p>\u00c9vran (22)<\/p>\n\n\n\n<p>Inscriptions du 18 janvier 2026 au 18 avril 2026<\/p>\n\n\n\n<p><em><strong>LES FOULEES EVRANNAISES 2026 , COURIR POUR LAURINE !!<\/strong><\/em><\/p>\n\n\n\n<p>Au programme de cette journ\u00e9e festive \u00e0 Evran :<\/p>\n\n\n\n<p>D\u00e8s 9h30 : Concours de palet individuel et 14 en Doublette.<\/p>\n\n\n\n<p>Jeux et ateliers pour enfants tout au long de la journ\u00e9e.<\/p>\n\n\n\n<p>Courses enfants \u00e0 partir de 14 h<\/p>\n\n\n\n<p>5 km mesur\u00e9 \u00e0 17<\/p>\n\n\n\n<p>Marche solidaire 17H45<\/p>\n<\/div><\/div>\n\n\n\n<p><br><\/p>\n\n\n\n<div class=\"wp-block-media-text is-stacked-on-mobile\" style=\"grid-template-columns:27% auto\"><figure class=\"wp-block-media-text__media\"><img loading=\"lazy\" decoding=\"async\" width=\"500\" height=\"500\" src=\"https:\/\/www.jetrailpourvous.fr\/wp-content\/uploads\/2026\/01\/image-2.png\" alt=\"\" class=\"wp-image-389 size-full\" srcset=\"https:\/\/www.jetrailpourvous.fr\/wp-content\/uploads\/2026\/01\/image-2.png 500w, https:\/\/www.jetrailpourvous.fr\/wp-content\/uploads\/2026\/01\/image-2-300x300.png 300w, https:\/\/www.jetrailpourvous.fr\/wp-content\/uploads\/2026\/01\/image-2-150x150.png 150w, https:\/\/www.jetrailpourvous.fr\/wp-content\/uploads\/2026\/01\/image-2-75x75.png 75w, https:\/\/www.jetrailpourvous.fr\/wp-content\/uploads\/2026\/01\/image-2-100x100.png 100w\" sizes=\"auto, (max-width: 500px) 100vw, 500px\" \/><\/figure><div class=\"wp-block-media-text__content\">\n<p>Cancale (35)<\/p>\n\n\n\n<p>Inscriptions du 10 janvier 2026 au 25 avril 2026<\/p>\n\n\n\n<p><strong>\ud83c\udfc3\u200d\u2640\ufe0f\u200d\u27a1\ufe0fLA HOULE EN CAVALE \ud83c\udfc3<\/strong><\/p>\n\n\n\n<p>Rendez vous le 1er MAI \u00e0 Cancale<\/p>\n\n\n\n<p>Une course \u00e0 pied conviviale et dynamique au coeur de la ville et du port avec une mont\u00e9e sur le rue du port<\/p>\n\n\n\n<p>Retrouvez 2 distances pour relever votre d\u00e9fi :<\/p>\n\n\n\n<p><strong>5 KM :<\/strong> id\u00e9al pour d\u00e9couvrir la course ou se faire plaisir sur <strong>1 Boucle<\/strong><\/p>\n\n\n\n<p><strong>10 KM :<\/strong> pour les amateurs de sensations et de performance sur<strong>2 boucles<\/strong><\/p>\n<\/div><\/div>\n\n\n\n<div class=\"wp-block-media-text is-stacked-on-mobile\" style=\"grid-template-columns:26% auto\"><figure class=\"wp-block-media-text__media\"><img decoding=\"async\" src=\"https:\/\/nextrun.fr\/_next\/image?url=https%3A%2F%2Fprod-nextrun-public.cellar-c2.services.clever-cloud.com%2Fedition%2F32ff5629-cb6a-424a-8c9f-bd9bb89b5230%2Flogo-1766052902491&amp;w=3840&amp;q=75\" alt=\"Event logo\"\/><\/figure><div class=\"wp-block-media-text__content\">\n<p>Saint-Malo (35)<\/p>\n\n\n\n<p>Inscriptions du 13 janvier 2026 au 30 avril 2026<\/p>\n\n\n\n<p><strong>PETIT CONSEIL POUR ETRE PRET LE 13 JANVIER 12H : CREEZ OU REINITIALISEZ VOTRE PROFIL NEXTRUN AVANT L&rsquo;OUVERTURE DES INSCRIPTIONS !!<\/strong><\/p>\n\n\n\n<p><strong>La Passag\u00e8re <\/strong>&#8211; <strong>Dimanche 3 mai 2026<\/strong><\/p>\n\n\n\n<p>La Passag\u00e8re revient\u2026 et cette ann\u00e9e, elle change de rythme !<\/p>\n\n\n\n<p>De nouveaux parcours, de nouvelles sensations, la m\u00eame ambiance malouine qu\u2019on adore \u2764\ufe0f\u200d\ud83d\udd25<\/p>\n<\/div><\/div>\n\n\n\n<p>03\/05\/2026<\/p>\n\n\n\n<p><\/p>\n\n\n\n<p class=\"has-text-align-center\"><\/p>\n\n\n\n<hr class=\"wp-block-separator has-alpha-channel-opacity\"\/>\n","protected":false},"excerpt":{"rendered":"<p>contact@jetrailpourvous.fr https:\/\/chat.whatsapp.com\/Bnnbkqf1V817MbDDh8TWE9 25\/05\/2026 Les Champs-G\u00e9raux (22) Inscriptions du 20 d\u00e9cembre 2025 au 24 mai 2026 \ud83c\udf08 Color Run Les Champs-G\u00e9raux \u2013 2\u00e8me \u00c9dition Lundi 25 Mai 2026 (Lundi de Pentec\u00f4te) Apr\u00e8s le succ\u00e8s fulgurant de la premi\u00e8re \u00e9dition avec plus de 450 participants, l&rsquo;APE du RPI Plesder et Les Champs-G\u00e9raux revient encore plus fort ! Venez vivre une exp\u00e9rience unique o\u00f9 le sport rencontre la f\u00eate dans une explosion de couleurs et de mousse. \ud83c\udf88\ud83e\uddfc \ud83c\udfc3\u200d\u2642\ufe0f AU PROGRAMME : 5 \u00c9PREUVES POUR TOUS ! Que vous soyez comp\u00e9titeur dans l&rsquo;\u00e2me ou l\u00e0 pour la balade en famille, il y a forc\u00e9ment une distance pour vous : \ud83d\udca5 NOUVEAUT\u00c9 : Le 10 KM Challenge : Pour ceux qui veulent du d\u00e9fi (et beaucoup de couleurs !). 19\/04\/2026 Saint-M\u00e9loir-des-Ondes (35) Inscriptions du 19 janvier 2026 au 17 avril 2026 D\u00e9couvrez la premi\u00e8re \u00e9dition de la course nature de Saint-M\u00e9loir-des-Ondes ! Saint M\u00e9loir Tout Court vous invite \u00e0 participer \u00e0 une toute nouvelle aventure sportive dans le pays de Saint-M\u00e9loir-des-Ondes, le dimanche 19 avril 2026. Pour cette premi\u00e8re \u00e9dition, les coureurs auront le plaisir de d\u00e9couvrir un parcours nature de 11 km, pens\u00e9 pour allier plaisir, diversit\u00e9 et authenticit\u00e9. Le trac\u00e9 emprunte diff\u00e9rents types de chemins \u2013 sentiers, chemins ruraux et passages naturels \u2013 offrant un parcours vari\u00e9 et accessible, id\u00e9al aussi bien pour les amateurs de course nature que pour les coureurs en qu\u00eate de nouveaux d\u00e9fis. Moment fort de la course, le d\u00e9part sera donn\u00e9 \u00e0 9h30, et l\u2019arriv\u00e9e se fera sur le stade de la Vall\u00e9e Verte, dans une ambiance conviviale et festive, parfaite pour partager l\u2019effort et c\u00e9l\u00e9brer cette premi\u00e8re \u00e9dition. Miniac-Morvan (35) Inscriptions du 22 d\u00e9cembre 2025 au 7 mars 2026 15\u00e8me \u00e9dition des d\u00e9foul\u00e9s de Miniac-Morvan, faisant partie du Challenge Cr\u00e9dit Agricole Pays de Dinan et de la C\u00f4te d&rsquo;Emeraude 2026. &nbsp;10km mesur\u00e9 World Athletics:&nbsp;2 boucles de 5km. D\u00e9part \u00e0 10h00. Pour toutes cat\u00e9gories \u00e0 partir de 2010&nbsp;(de Cadets \u00e0 Masters). Inscription:&nbsp;&nbsp;&nbsp; * Tarif : 12\u20ac&nbsp;commission NextRun comprise * Inscription sur place : 14\u20ac&nbsp;(Vente dossard sur place suivant disponibilit\u00e9 le jour de la course. Aucune vente sur place, si course compl\u00e8te.) 12\/04\/2026 La Richardais (35) Inscriptions du 5 janvier 2026 au 10 avril 2026 Les Foul\u00e9es de la Rance Les Foul\u00e9es de la Rance vous donnent rendez-vous pour une \u00e9dition pens\u00e9e pour celles et ceux qui aiment courir au c\u0153ur de paysages naturels d\u2019exception. Nich\u00e9 entre La Richardais et Pleurtuit, le parcours emprunte les chemins les plus authentiques de la C\u00f4te d\u2019\u00c9meraude et offre une immersion compl\u00e8te dans l\u2019atmosph\u00e8re si particuli\u00e8re des bords de Rance. Cette nouvelle \u00e9dition propose quatre courses, adapt\u00e9es \u00e0 tous les publics et tous les niveaux : Courses Adultes Le Montmarin (14,5 km) : un trac\u00e9 exigeant et technique, alternant sentiers forestiers, chemins escarp\u00e9s, zones naturelles et portions sur route. Un parcours id\u00e9al pour les coureurs en qu\u00eate d\u2019un vrai d\u00e9fi sportif. 12\/04\/2026 Saint-Jouan-des-Gu\u00e9rets (35) Inscriptions du 16 janvier 2026 au 11 avril 2026 LE VALLION 3\u00e8me Edition &nbsp;Course nature&nbsp; organis\u00e9e par l&rsquo;association des D\u00e9foul\u00e9s de Saint Jouan REGLE DES 3 X 12 des D\u00e9foul\u00e9s de St Jouan LE 12 AVRIL, 12 KMS POUR 12 \u20acUROS ! Vous courrez pour soutenir l&rsquo;association \u00ab\u00a0Demain j&rsquo;ai 20 ans\u00a0\u00bb 18\/04\/2026 \u00c9vran (22) Inscriptions du 18 janvier 2026 au 18 avril 2026 LES FOULEES EVRANNAISES 2026 , COURIR POUR LAURINE !! Au programme de cette journ\u00e9e festive \u00e0 Evran : D\u00e8s 9h30 : Concours de palet individuel et 14 en Doublette. Jeux et ateliers pour enfants tout au long de la journ\u00e9e. Courses enfants \u00e0 partir de 14 h 5 km mesur\u00e9 \u00e0 17 Marche solidaire 17H45 Cancale (35) Inscriptions du 10 janvier 2026 au 25 avril 2026 \ud83c\udfc3\u200d\u2640\ufe0f\u200d\u27a1\ufe0fLA HOULE EN CAVALE \ud83c\udfc3 Rendez vous le 1er MAI \u00e0 Cancale Une course \u00e0 pied conviviale et dynamique au coeur de la ville et du port avec une mont\u00e9e sur le rue du port Retrouvez 2 distances pour relever votre d\u00e9fi : 5 KM : id\u00e9al pour d\u00e9couvrir la course ou se faire plaisir sur 1 Boucle 10 KM : pour les amateurs de sensations et de performance sur2 boucles Saint-Malo (35) Inscriptions du 13 janvier 2026 au 30 avril 2026 PETIT CONSEIL POUR ETRE PRET LE 13 JANVIER 12H : CREEZ OU REINITIALISEZ VOTRE PROFIL NEXTRUN AVANT L&rsquo;OUVERTURE DES INSCRIPTIONS !! La Passag\u00e8re &#8211; Dimanche 3 mai 2026 La Passag\u00e8re revient\u2026 et cette ann\u00e9e, elle change de rythme ! De nouveaux parcours, de nouvelles sensations, la m\u00eame ambiance malouine qu\u2019on adore \u2764\ufe0f\u200d\ud83d\udd25 03\/05\/2026<\/p>\n","protected":false},"author":1,"featured_media":0,"parent":0,"menu_order":0,"comment_status":"open","ping_status":"closed","template":"","meta":{"footnotes":""},"class_list":["post-21","page","type-page","status-publish","hentry"],"_links":{"self":[{"href":"https:\/\/www.jetrailpourvous.fr\/index.php\/wp-json\/wp\/v2\/pages\/21","targetHints":{"allow":["GET"]}}],"collection":[{"href":"https:\/\/www.jetrailpourvous.fr\/index.php\/wp-json\/wp\/v2\/pages"}],"about":[{"href":"https:\/\/www.jetrailpourvous.fr\/index.php\/wp-json\/wp\/v2\/types\/page"}],"author":[{"embeddable":true,"href":"https:\/\/www.jetrailpourvous.fr\/index.php\/wp-json\/wp\/v2\/users\/1"}],"replies":[{"embeddable":true,"href":"https:\/\/www.jetrailpourvous.fr\/index.php\/wp-json\/wp\/v2\/comments?post=21"}],"version-history":[{"count":60,"href":"https:\/\/www.jetrailpourvous.fr\/index.php\/wp-json\/wp\/v2\/pages\/21\/revisions"}],"predecessor-version":[{"id":396,"href":"https:\/\/www.jetrailpourvous.fr\/index.php\/wp-json\/wp\/v2\/pages\/21\/revisions\/396"}],"wp:attachment":[{"href":"https:\/\/www.jetrailpourvous.fr\/index.php\/wp-json\/wp\/v2\/media?parent=21"}],"curies":[{"name":"wp","href":"https:\/\/api.w.org\/{rel}","templated":true}]}}